{"id":1418,"date":"2025-12-27T21:36:02","date_gmt":"2025-12-28T02:36:02","guid":{"rendered":"https:\/\/clickagencyads.com\/product\/isla-del-pirata\/"},"modified":"2026-01-07T20:26:15","modified_gmt":"2026-01-08T01:26:15","slug":"hotel-isla-del-pirata","status":"publish","type":"product","link":"https:\/\/biocaribe.com.co\/en\/product\/hotel-isla-del-pirata\/","title":{"rendered":"Pirate Island"},"content":{"rendered":"<div class=\"elementor-element elementor-element-0a4c613 elementor-widget elementor-widget-text-editor\" data-id=\"0a4c613\" data-element_type=\"widget\" data-widget_type=\"text-editor.default\">\n<div class=\"elementor-widget-container\">\n<div class=\"elementor-text-editor elementor-clearfix\">\n<h2 style=\"text-align: center;\" data-start=\"406\" data-end=\"472\"><span style=\"color: #000000;\">\ud83c\udf34 <strong data-start=\"411\" data-end=\"472\">Pirate Island Hotel \u2013 Day Tour in the Rosario Islands<\/strong><\/span><\/h2>\n<p data-start=\"474\" data-end=\"734\"><span style=\"color: #000000;\">The <strong data-start=\"477\" data-end=\"502\">Pirate Island Hotel<\/strong> is located on one of the most beautiful islands that make up the <strong data-start=\"574\" data-end=\"615\">Rosario Islands Archipelago<\/strong>, within the majestic <strong data-start=\"639\" data-end=\"704\">Corales del Rosario and San Bernardo National Natural Park<\/strong>, in the Colombian Caribbean Sea.<\/span><\/p>\n<p data-start=\"736\" data-end=\"946\"><span style=\"color: #000000;\">This exclusive destination has been designed for those who wish <strong data-start=\"796\" data-end=\"831\">disconnect from urban stress<\/strong>, get away from the noise of the city and live an experience of total tranquility in a privileged natural environment.<\/span><\/p>\n<hr data-start=\"948\" data-end=\"951\" \/>\n<h3 data-start=\"953\" data-end=\"1006\"><span style=\"color: #000000;\">\ud83c\udf0a <strong data-start=\"959\" data-end=\"1006\">A natural paradise in the heart of the Caribbean<\/strong><\/span><\/h3>\n<p data-start=\"1008\" data-end=\"1208\"><span style=\"color: #000000;\">A natural paradise in the heart of the Caribbean <strong data-start=\"1066\" data-end=\"1092\">7.500 square meters<\/strong>, surrounded by coconut palms, sea grape trees and naturally protected by the archipelago's coral reef.<\/span><\/p>\n<p data-start=\"1210\" data-end=\"1634\"><span style=\"color: #000000;\">Thanks to its strategic location, the island is surrounded by <strong data-start=\"1271\" data-end=\"1314\">natural pools with crystal-clear water<\/strong>, these beaches are considered among the cleanest and most tranquil in the Colombian Caribbean. This environment is part of one of the country's most valuable marine ecosystems, recognized by the Ministry of Environment as one of the most important coral reefs in the continental Caribbean, with more than <strong data-start=\"1598\" data-end=\"1633\">420 km\u00b2 of marine biodiversity<\/strong>.<\/span><\/p>\n<p data-start=\"1636\" data-end=\"1734\"><span style=\"color: #000000;\">Without a doubt, it is an ideal place to relax, swim, enjoy the sun and connect with nature.<\/span><\/p>\n<hr data-start=\"1736\" data-end=\"1739\" \/>\n<h3 data-start=\"1741\" data-end=\"1798\"><span style=\"color: #000000;\">\ud83c\udfdd\ufe0f <strong data-start=\"1748\" data-end=\"1798\">An experience designed for total relaxation<\/strong><\/span><\/h3>\n<p data-start=\"1800\" data-end=\"1979\"><span style=\"color: #000000;\">The <strong data-start=\"1803\" data-end=\"1833\">Day Tour a Isla del Pirata<\/strong> is designed for you to experience a full day of rest, comfort and nature, without worries and with personalized attention from your arrival.<\/span><\/p>\n<p data-start=\"1981\" data-end=\"2113\"><span style=\"color: #000000;\">From the very first moment, the atmosphere invites you to disconnect from the world and enjoy a space where time seems to stand still.<\/span><\/p>\n<hr data-start=\"2115\" data-end=\"2118\" \/>\n<h3 data-start=\"2120\" data-end=\"2172\"><span style=\"color: #000000;\">\u2705 <strong data-start=\"2125\" data-end=\"2172\">What does the Pirate Island Day Tour include?<\/strong><\/span><\/h3>\n<p data-start=\"2174\" data-end=\"2243\"><span style=\"color: #000000;\">This plan includes everything you need for an unforgettable experience:<\/span><\/p>\n<h4 data-start=\"2245\" data-end=\"2274\"><span style=\"color: #000000;\">\ud83d\udea4 Transport and logistics<\/span><\/h4>\n<ul data-start=\"2275\" data-end=\"2485\">\n<li data-start=\"2275\" data-end=\"2360\">\n<p data-start=\"2277\" data-end=\"2360\"><span style=\"color: #000000;\">Reception and assistance at the <strong data-start=\"2306\" data-end=\"2339\">The Bodeguita Tourist Pier<\/strong> at <strong data-start=\"2346\" data-end=\"2360\">8:30 a. m.<\/strong><\/span><\/p>\n<\/li>\n<li data-start=\"2361\" data-end=\"2431\">\n<p data-start=\"2363\" data-end=\"2431\"><span style=\"color: #000000;\">Transfer in <strong data-start=\"2375\" data-end=\"2394\">speedboats<\/strong> with capacity for 30 or 50 passengers<\/span><\/p>\n<\/li>\n<li data-start=\"2432\" data-end=\"2485\">\n<p data-start=\"2434\" data-end=\"2485\"><span style=\"color: #000000;\">Approximate return to Cartagena at <strong data-start=\"2471\" data-end=\"2485\">4:30 p. m.<\/strong><\/span><\/p>\n<\/li>\n<\/ul>\n<h4 data-start=\"2487\" data-end=\"2518\"><span style=\"color: #000000;\">\ud83c\udf79 Welcome and gastronomy<\/span><\/h4>\n<ul data-start=\"2519\" data-end=\"2668\">\n<li data-start=\"2519\" data-end=\"2543\">\n<p data-start=\"2521\" data-end=\"2543\"><span style=\"color: #000000;\">Welcome cocktail<\/span><\/p>\n<\/li>\n<li data-start=\"2544\" data-end=\"2563\">\n<p data-start=\"2546\" data-end=\"2563\"><span style=\"color: #000000;\">Various fruits<\/span><\/p>\n<\/li>\n<li data-start=\"2564\" data-end=\"2584\">\n<p data-start=\"2566\" data-end=\"2584\"><span style=\"color: #000000;\">Complimentary coffee<\/span><\/p>\n<\/li>\n<li data-start=\"2585\" data-end=\"2668\">\n<p data-start=\"2587\" data-end=\"2641\"><span style=\"color: #000000;\"><strong data-start=\"2587\" data-end=\"2625\">Island-style buffet lunch<\/strong>, accompanied by:<\/span><\/p>\n<ul data-start=\"2644\" data-end=\"2668\">\n<li data-start=\"2644\" data-end=\"2668\">\n<p data-start=\"2646\" data-end=\"2668\"><span style=\"color: #000000;\">Mineral or sparkling water<\/span><\/p>\n<\/li>\n<\/ul>\n<\/li>\n<\/ul>\n<h4 data-start=\"2670\" data-end=\"2698\"><span style=\"color: #000000;\">\ud83c\udfd6\ufe0f Use of facilities<\/span><\/h4>\n<ul data-start=\"2699\" data-end=\"2864\">\n<li data-start=\"2699\" data-end=\"2758\">\n<p data-start=\"2701\" data-end=\"2758\"><span style=\"color: #000000;\">Access to all areas of the hotel (except rooms)<\/span><\/p>\n<\/li>\n<li data-start=\"2759\" data-end=\"2779\">\n<p data-start=\"2761\" data-end=\"2779\"><span style=\"color: #000000;\">Natural pools<\/span><\/p>\n<\/li>\n<li data-start=\"2780\" data-end=\"2799\">\n<p data-start=\"2782\" data-end=\"2799\"><span style=\"color: #000000;\">Rest areas<\/span><\/p>\n<\/li>\n<li data-start=\"2800\" data-end=\"2816\">\n<p data-start=\"2802\" data-end=\"2816\"><span style=\"color: #000000;\">Social areas<\/span><\/p>\n<\/li>\n<li data-start=\"2817\" data-end=\"2864\">\n<p data-start=\"2819\" data-end=\"2864\"><span style=\"color: #000000;\">Oceanfront spaces ideal for relaxing<\/span><\/p>\n<\/li>\n<\/ul>\n<h4 data-start=\"2866\" data-end=\"2892\"><span style=\"color: #000000;\">\ud83d\udea4 Additional activity<\/span><\/h4>\n<ul data-start=\"2893\" data-end=\"2946\">\n<li data-start=\"2893\" data-end=\"2946\">\n<p data-start=\"2895\" data-end=\"2946\"><span style=\"color: #000000;\"><strong data-start=\"2895\" data-end=\"2920\">Transfer to the Oceanarium<\/strong> (subject to availability)<\/span><\/p>\n<\/li>\n<\/ul>\n<hr data-start=\"2948\" data-end=\"2951\" \/>\n<h3 data-start=\"2953\" data-end=\"2994\"><span style=\"color: #000000;\">\ud83c\udf3f <strong data-start=\"2959\" data-end=\"2994\">A privileged natural environment<\/strong><\/span><\/h3>\n<p data-start=\"2996\" data-end=\"3271\"><span style=\"color: #000000;\">The Isla del Pirata Hotel is located within one of Colombia's most important marine ecosystems. Its calm waters, coral reefs, and pristine landscapes make this place a natural gem, ideal for those seeking authentic Caribbean experiences.<\/span><\/p>\n<p data-start=\"3273\" data-end=\"3403\"><span style=\"color: #000000;\">Furthermore, the tranquility of the surroundings makes it an excellent option for couples, families, and groups of friends.<\/span><\/p>\n<hr data-start=\"3405\" data-end=\"3408\" \/>\n<h3 data-start=\"3410\" data-end=\"3429\"><span style=\"color: #000000;\">\u274c <strong data-start=\"3415\" data-end=\"3429\">Not include<\/strong><\/span><\/h3>\n<ul data-start=\"3431\" data-end=\"3626\">\n<li data-start=\"3431\" data-end=\"3499\">\n<p data-start=\"3433\" data-end=\"3499\"><span style=\"color: #000000;\">Dock tax: <strong data-start=\"3453\" data-end=\"3480\">$31.500 COP per person<\/strong> (cash payment)<\/span><\/p>\n<\/li>\n<li data-start=\"3500\" data-end=\"3543\">\n<p data-start=\"3502\" data-end=\"3543\"><span style=\"color: #000000;\">Additional expenses at the restaurant or bar<\/span><\/p>\n<\/li>\n<li data-start=\"3544\" data-end=\"3585\">\n<p data-start=\"3546\" data-end=\"3585\"><span style=\"color: #000000;\">Activities not specified in the plan<\/span><\/p>\n<\/li>\n<li data-start=\"3586\" data-end=\"3626\">\n<p data-start=\"3588\" data-end=\"3626\"><span style=\"color: #000000;\">Services not mentioned above<\/span><\/p>\n<\/li>\n<\/ul>\n<hr data-start=\"3628\" data-end=\"3631\" \/>\n<h3 data-start=\"3633\" data-end=\"3683\"><span style=\"color: #000000;\">\u2b50 <strong data-start=\"3638\" data-end=\"3683\">Why choose the Pirate Island Hotel?<\/strong><\/span><\/h3>\n<p data-start=\"3685\" data-end=\"3963\"><span style=\"color: #000000;\">\u2714 Prime location in the Rosario Islands<\/span><br data-start=\"3734\" data-end=\"3737\" \/><span style=\"color: #000000;\">\u2714 Protected natural environment<\/span><br data-start=\"3764\" data-end=\"3767\" \/><span style=\"color: #000000;\">\u2714 Crystal clear natural pools<\/span><br data-start=\"3799\" data-end=\"3802\" \/><span style=\"color: #000000;\">\u2714 Organized and safe service<\/span><br data-start=\"3832\" data-end=\"3835\" \/><span style=\"color: #000000;\">\u2714 Ideal for resting and disconnecting<\/span><br data-start=\"3873\" data-end=\"3876\" \/><span style=\"color: #000000;\">\u2714 Excellent value for money<\/span><br data-start=\"3911\" data-end=\"3914\" \/><span style=\"color: #000000;\">\u2714 Authentic experience in the Colombian Caribbean<\/span><\/p>\n<hr data-start=\"3965\" data-end=\"3968\" \/>\n<h3 data-start=\"3970\" data-end=\"4001\"><span style=\"color: #000000;\">\ud83d\udccc <strong data-start=\"3976\" data-end=\"4001\">Book your spot now<\/strong><\/span><\/h3>\n<p data-start=\"4003\" data-end=\"4176\"><span style=\"color: #000000;\">Live an unforgettable experience in one of the most exclusive destinations in the Caribbean.<\/span><br data-start=\"4085\" data-end=\"4088\" \/><span style=\"color: #000000;\">Enjoy the sun, the sea and the tranquility that only <strong data-start=\"4140\" data-end=\"4159\">Pirate Island<\/strong> can offer you.<\/span><\/p>\n<p data-start=\"4178\" data-end=\"4245\"><span style=\"color: #000000;\">\u2728 <strong data-start=\"4180\" data-end=\"4243\">Book now and secure your place in this natural paradise.<\/strong> \u2728<\/span><\/p>\n<\/div>\n<\/div>\n<\/div>","protected":false},"excerpt":{"rendered":"<p><span style=\"color: #000000;\">You can reserve this activity with 50% down and pay the rest when you do the activity, or you can make the full payment.<\/span><\/p>","protected":false},"featured_media":2835,"comment_status":"open","ping_status":"closed","template":"","meta":{"_joinchat":[]},"product_brand":[],"product_cat":[63,66],"product_tag":[],"class_list":{"0":"post-1418","1":"product","2":"type-product","3":"status-publish","4":"has-post-thumbnail","6":"product_cat-planes-islas-del-rosario","7":"product_cat-islas-privadas","9":"first","10":"instock","11":"virtual","12":"sold-individually","13":"purchasable","14":"product-type-booking"},"yoast_head":"<!-- This site is optimized with the Yoast SEO plugin v27.2 - https:\/\/yoast.com\/product\/yoast-seo-wordpress\/ -->\n<title>Isla del Pirata Cartagena | rodeada de piscinas naturales cristalinas<\/title>\n<meta name=\"description\" content=\"Hotel Isla del Pirata en Cartagena, una peque\u00f1a porci\u00f3n de tierra rodeada de piscinas naturales cristalinas, piscinas naturales m\u00e1s cristalinas del Caribe.\" \/>\n<meta name=\"robots\" content=\"index, follow, max-snippet:-1, max-image-preview:large, max-video-preview:-1\" \/>\n<link rel=\"canonical\" href=\"https:\/\/biocaribe.com.co\/en\/product\/hotel-isla-del-pirata\/\" \/>\n<meta property=\"og:locale\" content=\"en_US\" \/>\n<meta property=\"og:type\" content=\"article\" \/>\n<meta property=\"og:title\" content=\"Isla del Pirata Cartagena | rodeada de piscinas naturales cristalinas\" \/>\n<meta property=\"og:description\" content=\"Hotel Isla del Pirata en Cartagena, una peque\u00f1a porci\u00f3n de tierra rodeada de piscinas naturales cristalinas, piscinas naturales m\u00e1s cristalinas del Caribe.\" \/>\n<meta property=\"og:url\" content=\"https:\/\/biocaribe.com.co\/en\/product\/hotel-isla-del-pirata\/\" \/>\n<meta property=\"og:site_name\" content=\"Bio Caribe\" \/>\n<meta property=\"article:publisher\" content=\"https:\/\/www.facebook.com\/tourporelcaribe\" \/>\n<meta property=\"article:modified_time\" content=\"2026-01-08T01:26:15+00:00\" \/>\n<meta property=\"og:image\" content=\"https:\/\/biocaribe.com.co\/wp-content\/uploads\/2025\/12\/Actividades-recreativas-en-la-isla.webp\" \/>\n\t<meta property=\"og:image:width\" content=\"1200\" \/>\n\t<meta property=\"og:image:height\" content=\"800\" \/>\n\t<meta property=\"og:image:type\" content=\"image\/webp\" \/>\n<meta name=\"twitter:card\" content=\"summary_large_image\" \/>\n<meta name=\"twitter:site\" content=\"@tourcaribe\" \/>\n<meta name=\"twitter:label1\" content=\"Est. reading time\" \/>\n\t<meta name=\"twitter:data1\" content=\"3 minutes\" \/>\n<script type=\"application\/ld+json\" class=\"yoast-schema-graph\">{\"@context\":\"https:\/\/schema.org\",\"@graph\":[{\"@type\":\"WebPage\",\"@id\":\"https:\/\/biocaribe.com.co\/producto\/hotel-isla-del-pirata\/\",\"url\":\"https:\/\/biocaribe.com.co\/producto\/hotel-isla-del-pirata\/\",\"name\":\"Isla del Pirata Cartagena | rodeada de piscinas naturales cristalinas\",\"isPartOf\":{\"@id\":\"https:\/\/biocaribe.com.co\/#website\"},\"primaryImageOfPage\":{\"@id\":\"https:\/\/biocaribe.com.co\/producto\/hotel-isla-del-pirata\/#primaryimage\"},\"image\":{\"@id\":\"https:\/\/biocaribe.com.co\/producto\/hotel-isla-del-pirata\/#primaryimage\"},\"thumbnailUrl\":\"https:\/\/biocaribe.com.co\/wp-content\/uploads\/2025\/12\/Actividades-recreativas-en-la-isla.webp\",\"datePublished\":\"2025-12-28T02:36:02+00:00\",\"dateModified\":\"2026-01-08T01:26:15+00:00\",\"description\":\"Hotel Isla del Pirata en Cartagena, una peque\u00f1a porci\u00f3n de tierra rodeada de piscinas naturales cristalinas, piscinas naturales m\u00e1s cristalinas del Caribe.\",\"breadcrumb\":{\"@id\":\"https:\/\/biocaribe.com.co\/producto\/hotel-isla-del-pirata\/#breadcrumb\"},\"inLanguage\":\"en-US\",\"potentialAction\":[{\"@type\":\"ReadAction\",\"target\":[\"https:\/\/biocaribe.com.co\/producto\/hotel-isla-del-pirata\/\"]}]},{\"@type\":\"ImageObject\",\"inLanguage\":\"en-US\",\"@id\":\"https:\/\/biocaribe.com.co\/producto\/hotel-isla-del-pirata\/#primaryimage\",\"url\":\"https:\/\/biocaribe.com.co\/wp-content\/uploads\/2025\/12\/Actividades-recreativas-en-la-isla.webp\",\"contentUrl\":\"https:\/\/biocaribe.com.co\/wp-content\/uploads\/2025\/12\/Actividades-recreativas-en-la-isla.webp\",\"width\":1200,\"height\":800},{\"@type\":\"BreadcrumbList\",\"@id\":\"https:\/\/biocaribe.com.co\/producto\/hotel-isla-del-pirata\/#breadcrumb\",\"itemListElement\":[{\"@type\":\"ListItem\",\"position\":1,\"name\":\"Inicio\",\"item\":\"https:\/\/biocaribe.com.co\/\"},{\"@type\":\"ListItem\",\"position\":2,\"name\":\"Shop\",\"item\":\"https:\/\/biocaribe.com.co\/shop\/\"},{\"@type\":\"ListItem\",\"position\":3,\"name\":\"Isla del Pirata\"}]},{\"@type\":\"WebSite\",\"@id\":\"https:\/\/biocaribe.com.co\/#website\",\"url\":\"https:\/\/biocaribe.com.co\/\",\"name\":\"Tour por el caribe\",\"description\":\"\",\"publisher\":{\"@id\":\"https:\/\/biocaribe.com.co\/#organization\"},\"potentialAction\":[{\"@type\":\"SearchAction\",\"target\":{\"@type\":\"EntryPoint\",\"urlTemplate\":\"https:\/\/biocaribe.com.co\/?s={search_term_string}\"},\"query-input\":{\"@type\":\"PropertyValueSpecification\",\"valueRequired\":true,\"valueName\":\"search_term_string\"}}],\"inLanguage\":\"en-US\"},{\"@type\":\"Organization\",\"@id\":\"https:\/\/biocaribe.com.co\/#organization\",\"name\":\"Tour por el caribe\",\"url\":\"https:\/\/biocaribe.com.co\/\",\"logo\":{\"@type\":\"ImageObject\",\"inLanguage\":\"en-US\",\"@id\":\"https:\/\/biocaribe.com.co\/#\/schema\/logo\/image\/\",\"url\":\"https:\/\/biocaribe.com.co\/wp-content\/uploads\/2021\/08\/logo-horizontal-512-x-512.png\",\"contentUrl\":\"https:\/\/biocaribe.com.co\/wp-content\/uploads\/2021\/08\/logo-horizontal-512-x-512.png\",\"width\":512,\"height\":512,\"caption\":\"Tour por el caribe\"},\"image\":{\"@id\":\"https:\/\/biocaribe.com.co\/#\/schema\/logo\/image\/\"},\"sameAs\":[\"https:\/\/www.facebook.com\/tourporelcaribe\",\"https:\/\/x.com\/tourcaribe\",\"https:\/\/www.instagram.com\/tourscaribe\/\",\"https:\/\/www.youtube.com\/@tourcaribe\"]}]}<\/script>\n<!-- \/ Yoast SEO plugin. -->","yoast_head_json":{"title":"Isla del Pirata Cartagena | rodeada de piscinas naturales cristalinas","description":"Hotel Isla del Pirata en Cartagena, una peque\u00f1a porci\u00f3n de tierra rodeada de piscinas naturales cristalinas, piscinas naturales m\u00e1s cristalinas del Caribe.","robots":{"index":"index","follow":"follow","max-snippet":"max-snippet:-1","max-image-preview":"max-image-preview:large","max-video-preview":"max-video-preview:-1"},"canonical":"https:\/\/biocaribe.com.co\/en\/product\/hotel-isla-del-pirata\/","og_locale":"en_US","og_type":"article","og_title":"Isla del Pirata Cartagena | rodeada de piscinas naturales cristalinas","og_description":"Hotel Isla del Pirata en Cartagena, una peque\u00f1a porci\u00f3n de tierra rodeada de piscinas naturales cristalinas, piscinas naturales m\u00e1s cristalinas del Caribe.","og_url":"https:\/\/biocaribe.com.co\/en\/product\/hotel-isla-del-pirata\/","og_site_name":"Bio Caribe","article_publisher":"https:\/\/www.facebook.com\/tourporelcaribe","article_modified_time":"2026-01-08T01:26:15+00:00","og_image":[{"width":1200,"height":800,"url":"https:\/\/biocaribe.com.co\/wp-content\/uploads\/2025\/12\/Actividades-recreativas-en-la-isla.webp","type":"image\/webp"}],"twitter_card":"summary_large_image","twitter_site":"@tourcaribe","twitter_misc":{"Est. reading time":"3 minutes"},"schema":{"@context":"https:\/\/schema.org","@graph":[{"@type":"WebPage","@id":"https:\/\/biocaribe.com.co\/producto\/hotel-isla-del-pirata\/","url":"https:\/\/biocaribe.com.co\/producto\/hotel-isla-del-pirata\/","name":"Isla del Pirata Cartagena | rodeada de piscinas naturales cristalinas","isPartOf":{"@id":"https:\/\/biocaribe.com.co\/#website"},"primaryImageOfPage":{"@id":"https:\/\/biocaribe.com.co\/producto\/hotel-isla-del-pirata\/#primaryimage"},"image":{"@id":"https:\/\/biocaribe.com.co\/producto\/hotel-isla-del-pirata\/#primaryimage"},"thumbnailUrl":"https:\/\/biocaribe.com.co\/wp-content\/uploads\/2025\/12\/Actividades-recreativas-en-la-isla.webp","datePublished":"2025-12-28T02:36:02+00:00","dateModified":"2026-01-08T01:26:15+00:00","description":"Hotel Isla del Pirata en Cartagena, una peque\u00f1a porci\u00f3n de tierra rodeada de piscinas naturales cristalinas, piscinas naturales m\u00e1s cristalinas del Caribe.","breadcrumb":{"@id":"https:\/\/biocaribe.com.co\/producto\/hotel-isla-del-pirata\/#breadcrumb"},"inLanguage":"en-US","potentialAction":[{"@type":"ReadAction","target":["https:\/\/biocaribe.com.co\/producto\/hotel-isla-del-pirata\/"]}]},{"@type":"ImageObject","inLanguage":"en-US","@id":"https:\/\/biocaribe.com.co\/producto\/hotel-isla-del-pirata\/#primaryimage","url":"https:\/\/biocaribe.com.co\/wp-content\/uploads\/2025\/12\/Actividades-recreativas-en-la-isla.webp","contentUrl":"https:\/\/biocaribe.com.co\/wp-content\/uploads\/2025\/12\/Actividades-recreativas-en-la-isla.webp","width":1200,"height":800},{"@type":"BreadcrumbList","@id":"https:\/\/biocaribe.com.co\/producto\/hotel-isla-del-pirata\/#breadcrumb","itemListElement":[{"@type":"ListItem","position":1,"name":"Inicio","item":"https:\/\/biocaribe.com.co\/"},{"@type":"ListItem","position":2,"name":"Shop","item":"https:\/\/biocaribe.com.co\/shop\/"},{"@type":"ListItem","position":3,"name":"Isla del Pirata"}]},{"@type":"WebSite","@id":"https:\/\/biocaribe.com.co\/#website","url":"https:\/\/biocaribe.com.co\/","name":"Tour por el caribe","description":"","publisher":{"@id":"https:\/\/biocaribe.com.co\/#organization"},"potentialAction":[{"@type":"SearchAction","target":{"@type":"EntryPoint","urlTemplate":"https:\/\/biocaribe.com.co\/?s={search_term_string}"},"query-input":{"@type":"PropertyValueSpecification","valueRequired":true,"valueName":"search_term_string"}}],"inLanguage":"en-US"},{"@type":"Organization","@id":"https:\/\/biocaribe.com.co\/#organization","name":"Tour por el caribe","url":"https:\/\/biocaribe.com.co\/","logo":{"@type":"ImageObject","inLanguage":"en-US","@id":"https:\/\/biocaribe.com.co\/#\/schema\/logo\/image\/","url":"https:\/\/biocaribe.com.co\/wp-content\/uploads\/2021\/08\/logo-horizontal-512-x-512.png","contentUrl":"https:\/\/biocaribe.com.co\/wp-content\/uploads\/2021\/08\/logo-horizontal-512-x-512.png","width":512,"height":512,"caption":"Tour por el caribe"},"image":{"@id":"https:\/\/biocaribe.com.co\/#\/schema\/logo\/image\/"},"sameAs":["https:\/\/www.facebook.com\/tourporelcaribe","https:\/\/x.com\/tourcaribe","https:\/\/www.instagram.com\/tourscaribe\/","https:\/\/www.youtube.com\/@tourcaribe"]}]}},"_links":{"self":[{"href":"https:\/\/biocaribe.com.co\/en\/wp-json\/wp\/v2\/product\/1418","targetHints":{"allow":["GET"]}}],"collection":[{"href":"https:\/\/biocaribe.com.co\/en\/wp-json\/wp\/v2\/product"}],"about":[{"href":"https:\/\/biocaribe.com.co\/en\/wp-json\/wp\/v2\/types\/product"}],"replies":[{"embeddable":true,"href":"https:\/\/biocaribe.com.co\/en\/wp-json\/wp\/v2\/comments?post=1418"}],"version-history":[{"count":0,"href":"https:\/\/biocaribe.com.co\/en\/wp-json\/wp\/v2\/product\/1418\/revisions"}],"wp:featuredmedia":[{"embeddable":true,"href":"https:\/\/biocaribe.com.co\/en\/wp-json\/wp\/v2\/media\/2835"}],"wp:attachment":[{"href":"https:\/\/biocaribe.com.co\/en\/wp-json\/wp\/v2\/media?parent=1418"}],"wp:term":[{"taxonomy":"product_brand","embeddable":true,"href":"https:\/\/biocaribe.com.co\/en\/wp-json\/wp\/v2\/product_brand?post=1418"},{"taxonomy":"product_cat","embeddable":true,"href":"https:\/\/biocaribe.com.co\/en\/wp-json\/wp\/v2\/product_cat?post=1418"},{"taxonomy":"product_tag","embeddable":true,"href":"https:\/\/biocaribe.com.co\/en\/wp-json\/wp\/v2\/product_tag?post=1418"}],"curies":[{"name":"wp","href":"https:\/\/api.w.org\/{rel}","templated":true}]}}